{"id":3,"date":"2026-01-23T23:19:23","date_gmt":"2026-01-23T23:19:23","guid":{"rendered":"https:\/\/reftvsweden.com\/?page_id=3"},"modified":"2026-03-05T09:30:29","modified_gmt":"2026-03-05T09:30:29","slug":"integritetspolicy","status":"publish","type":"page","link":"https:\/\/reftvsweden.com\/en\/integritetspolicy\/","title":{"rendered":"Integritetspolicy"},"content":{"rendered":"<div data-elementor-type=\"wp-page\" data-elementor-id=\"3\" class=\"elementor elementor-3\">\n\t\t\t\t<div class=\"elementor-element elementor-element-53174abf e-flex e-con-boxed e-con e-parent\" data-id=\"53174abf\" data-element_type=\"container\" data-e-type=\"container\">\n\t\t\t\t\t<div class=\"e-con-inner\">\n\t\t\t\t<div class=\"elementor-element elementor-element-4c7d443 elementor-widget elementor-widget-spacer\" data-id=\"4c7d443\" data-element_type=\"widget\" data-e-type=\"widget\" data-widget_type=\"spacer.default\">\n\t\t\t\t\t\t\t<div class=\"elementor-spacer\">\n\t\t\t<div class=\"elementor-spacer-inner\"><\/div>\n\t\t<\/div>\n\t\t\t\t\t\t<\/div>\n\t\t\t\t<div class=\"elementor-element elementor-element-7346e81 elementor-widget elementor-widget-heading\" data-id=\"7346e81\" data-element_type=\"widget\" data-e-type=\"widget\" data-widget_type=\"heading.default\">\n\t\t\t\t\t<h1 class=\"elementor-heading-title elementor-size-default\">Integritetspolicy<\/h1>\t\t\t\t<\/div>\n\t\t\t\t<div class=\"elementor-element elementor-element-7032a90 elementor-widget elementor-widget-text-editor\" data-id=\"7032a90\" data-element_type=\"widget\" data-e-type=\"widget\" data-widget_type=\"text-editor.default\">\n\t\t\t\t\t\t\t\t\t<p>Senast uppdaterad: 2026-03-04<\/p>\t\t\t\t\t\t\t\t<\/div>\n\t\t\t\t<div class=\"elementor-element elementor-element-426bd2d elementor-widget elementor-widget-text-editor\" data-id=\"426bd2d\" data-element_type=\"widget\" data-e-type=\"widget\" data-widget_type=\"text-editor.default\">\n\t\t\t\t\t\t\t\t\t<h1 data-start=\"225\" data-end=\"244\"><span style=\"font-size: 35px; font-style: inherit;\">Vilka vi \u00e4r<\/span><\/h1>\n<p data-start=\"262\" data-end=\"313\">V\u00e5r webbplatsadress \u00e4r:<br data-start=\"285\" data-end=\"288\" \/><a class=\"decorated-link\" href=\"https:\/\/reftvsweden.com\/en\/\" target=\"_new\" rel=\"noopener\" data-start=\"288\" data-end=\"311\">https:\/\/reftvsweden.com<\/a><\/p>\n<p data-start=\"315\" data-end=\"388\">Ref-TV Sweden \u00e4r en oberoende redaktionell medieplattform inom domarskap.<\/p>\n<h2 data-start=\"395\" data-end=\"443\">Vilka personuppgifter vi samlar in och varf\u00f6r<\/h2>\n<h3 data-start=\"445\" data-end=\"464\">Kontaktformul\u00e4r<\/h3>\n<p data-start=\"466\" data-end=\"565\">N\u00e4r du kontaktar oss via v\u00e5rt kontaktformul\u00e4r samlar vi in de uppgifter du sj\u00e4lv anger, exempelvis:<\/p>\n<ul data-start=\"567\" data-end=\"607\">\n<li data-start=\"567\" data-end=\"575\">\n<p data-start=\"569\" data-end=\"575\">Namn<\/p>\n<\/li>\n<li data-start=\"567\" data-end=\"575\">\n<p data-start=\"569\" data-end=\"575\">E-postadress<\/p>\n<\/li>\n<li data-start=\"593\" data-end=\"607\">\n<p data-start=\"595\" data-end=\"607\">Meddelande<\/p>\n<\/li>\n<\/ul>\n<p data-start=\"609\" data-end=\"756\">Uppgifterna anv\u00e4nds enbart f\u00f6r att besvara din f\u00f6rfr\u00e5gan och hantera kontakten.<br data-start=\"688\" data-end=\"691\" \/>Vi delar inte dessa uppgifter med tredje part utan ditt samtycke.<\/p>\n<h2 data-start=\"981\" data-end=\"991\">Kakor<\/h2>\n<p data-start=\"993\" data-end=\"1069\">Vi anv\u00e4nder kakor f\u00f6r att f\u00f6rb\u00e4ttra funktionalitet och anv\u00e4ndarupplevelse.<\/p>\n<h2 data-start=\"1856\" data-end=\"1899\">Inb\u00e4ddat inneh\u00e5ll fr\u00e5n andra webbplatser<\/h2>\n<p data-start=\"1901\" data-end=\"2020\">Sidor p\u00e5 denna webbplats kan inneh\u00e5lla inb\u00e4ddat material (t.ex. videor, bilder eller inl\u00e4gg fr\u00e5n andra plattformar).<\/p>\n<p data-start=\"2022\" data-end=\"2241\">Inb\u00e4ddat inneh\u00e5ll fr\u00e5n andra webbplatser fungerar p\u00e5 samma s\u00e4tt som om du sj\u00e4lv bes\u00f6kt den webbplatsen. Dessa webbplatser kan samla in data om dig, anv\u00e4nda cookies och sp\u00e5ra din interaktion med det inb\u00e4ddade inneh\u00e5llet.<\/p>\n<h2 data-start=\"2248\" data-end=\"2282\">Vem vi delar dina uppgifter med<\/h2>\n<p data-start=\"2284\" data-end=\"2355\">Vi s\u00e4ljer eller delar inte dina personuppgifter i marknadsf\u00f6ringssyfte.<\/p>\n<h2 data-start=\"2467\" data-end=\"2504\">Hur l\u00e4nge vi sparar dina uppgifter<\/h2>\n<p data-start=\"2891\" data-end=\"2977\">Kontaktformul\u00e4rsdata sparas endast s\u00e5 l\u00e4nge det \u00e4r n\u00f6dv\u00e4ndigt f\u00f6r att hantera \u00e4rendet.<\/p>\n<h2 data-start=\"2984\" data-end=\"3003\">Dina r\u00e4ttigheter<\/h2>\n<p data-start=\"3005\" data-end=\"3068\">Om du har ett konto eller har l\u00e4mnat kommentarer kan du beg\u00e4ra:<\/p>\n<ul data-start=\"3070\" data-end=\"3160\">\n<li data-start=\"3070\" data-end=\"3120\">\n<p data-start=\"3072\" data-end=\"3120\">Ett utdrag av de personuppgifter vi har om dig<\/p>\n<\/li>\n<li data-start=\"3121\" data-end=\"3160\">\n<p data-start=\"3123\" data-end=\"3160\">Att vi raderar dina personuppgifter<\/p>\n<\/li>\n<\/ul>\n<p data-start=\"3162\" data-end=\"3277\">Detta g\u00e4ller dock inte uppgifter vi \u00e4r skyldiga att spara av administrativa, juridiska eller s\u00e4kerhetsm\u00e4ssiga sk\u00e4l.<\/p>\n<p data-start=\"3279\" data-end=\"3355\">F\u00f6r att ut\u00f6va dina r\u00e4ttigheter, kontakta oss via uppgifterna p\u00e5 webbplatsen.<\/p>\t\t\t\t\t\t\t\t<\/div>\n\t\t\t\t\t<\/div>\n\t\t\t\t<\/div>\n\t\t\t\t<\/div>","protected":false},"excerpt":{"rendered":"<p>Integritetspolicy Senast uppdaterad: 2026-03-04 Vilka vi \u00e4r V\u00e5r webbplatsadress \u00e4r:https:\/\/reftvsweden.com Ref-TV Sweden \u00e4r en oberoende redaktionell medieplattform inom domarskap. Vilka [&hellip;]<\/p>\n","protected":false},"author":1,"featured_media":0,"parent":0,"menu_order":0,"comment_status":"closed","ping_status":"closed","template":"elementor_header_footer","meta":{"site-sidebar-layout":"default","site-content-layout":"","ast-site-content-layout":"default","site-content-style":"default","site-sidebar-style":"default","ast-global-header-display":"","ast-banner-title-visibility":"","ast-main-header-display":"","ast-hfb-above-header-display":"","ast-hfb-below-header-display":"","ast-hfb-mobile-header-display":"","site-post-title":"","ast-breadcrumbs-content":"","ast-featured-img":"","footer-sml-layout":"","ast-disable-related-posts":"","theme-transparent-header-meta":"","adv-header-id-meta":"","stick-header-meta":"","header-above-stick-meta":"","header-main-stick-meta":"","header-below-stick-meta":"","astra-migrate-meta-layouts":"default","ast-page-background-enabled":"default","ast-page-background-meta":{"desktop":{"background-color":"var(--ast-global-color-5)","background-image":"","background-repeat":"repeat","background-position":"center center","background-size":"auto","background-attachment":"scroll","background-type":"","background-media":"","overlay-type":"","overlay-color":"","overlay-opacity":"","overlay-gradient":""},"tablet":{"background-color":"","background-image":"","background-repeat":"repeat","background-position":"center center","background-size":"auto","background-attachment":"scroll","background-type":"","background-media":"","overlay-type":"","overlay-color":"","overlay-opacity":"","overlay-gradient":""},"mobile":{"background-color":"","background-image":"","background-repeat":"repeat","background-position":"center center","background-size":"auto","background-attachment":"scroll","background-type":"","background-media":"","overlay-type":"","overlay-color":"","overlay-opacity":"","overlay-gradient":""}},"ast-content-background-meta":{"desktop":{"background-color":"var(--ast-global-color-4)","background-image":"","background-repeat":"repeat","background-position":"center center","background-size":"auto","background-attachment":"scroll","background-type":"","background-media":"","overlay-type":"","overlay-color":"","overlay-opacity":"","overlay-gradient":""},"tablet":{"background-color":"var(--ast-global-color-4)","background-image":"","background-repeat":"repeat","background-position":"center center","background-size":"auto","background-attachment":"scroll","background-type":"","background-media":"","overlay-type":"","overlay-color":"","overlay-opacity":"","overlay-gradient":""},"mobile":{"background-color":"var(--ast-global-color-4)","background-image":"","background-repeat":"repeat","background-position":"center center","background-size":"auto","background-attachment":"scroll","background-type":"","background-media":"","overlay-type":"","overlay-color":"","overlay-opacity":"","overlay-gradient":""}},"iawp_total_views":5,"footnotes":""},"class_list":["post-3","page","type-page","status-publish","hentry"],"_links":{"self":[{"href":"https:\/\/reftvsweden.com\/en\/wp-json\/wp\/v2\/pages\/3","targetHints":{"allow":["GET"]}}],"collection":[{"href":"https:\/\/reftvsweden.com\/en\/wp-json\/wp\/v2\/pages"}],"about":[{"href":"https:\/\/reftvsweden.com\/en\/wp-json\/wp\/v2\/types\/page"}],"author":[{"embeddable":true,"href":"https:\/\/reftvsweden.com\/en\/wp-json\/wp\/v2\/users\/1"}],"replies":[{"embeddable":true,"href":"https:\/\/reftvsweden.com\/en\/wp-json\/wp\/v2\/comments?post=3"}],"version-history":[{"count":13,"href":"https:\/\/reftvsweden.com\/en\/wp-json\/wp\/v2\/pages\/3\/revisions"}],"predecessor-version":[{"id":1200,"href":"https:\/\/reftvsweden.com\/en\/wp-json\/wp\/v2\/pages\/3\/revisions\/1200"}],"wp:attachment":[{"href":"https:\/\/reftvsweden.com\/en\/wp-json\/wp\/v2\/media?parent=3"}],"curies":[{"name":"wp","href":"https:\/\/api.w.org\/{rel}","templated":true}]}}